{"id":39,"date":"2026-02-07T16:17:59","date_gmt":"2026-02-07T16:17:59","guid":{"rendered":"https:\/\/randsaun.ee\/avaleht\/"},"modified":"2026-03-10T18:12:31","modified_gmt":"2026-03-10T18:12:31","slug":"avaleht","status":"publish","type":"page","link":"https:\/\/randsaun.ee\/en\/","title":{"rendered":"Avaleht"},"content":{"rendered":"<div data-elementor-type=\"wp-page\" data-elementor-id=\"39\" class=\"elementor elementor-39\">\n\t\t\t\t<div class=\"elementor-element elementor-element-afbc6cd e-flex e-con-boxed e-con e-parent\" data-id=\"afbc6cd\" data-element_type=\"container\" data-e-type=\"container\" data-settings=\"{&quot;background_background&quot;:&quot;video&quot;,&quot;background_video_link&quot;:&quot;https:\\\/\\\/randsaun.ee\\\/wp-content\\\/uploads\\\/2026\\\/02\\\/20251018_150846-1.mp4&quot;,&quot;background_play_on_mobile&quot;:&quot;yes&quot;,&quot;background_privacy_mode&quot;:&quot;yes&quot;,&quot;background_video_start&quot;:2}\">\n\t\t\t\t\t<div class=\"e-con-inner\">\n\t\t<div class=\"elementor-background-video-container\">\n\t\t\t\t\t\t\t<video class=\"elementor-background-video-hosted\" role=\"presentation\" autoplay muted playsinline loop><\/video>\n\t\t\t\t\t<\/div>\t\t<div class=\"elementor-element elementor-element-e492433 elementor-widget elementor-widget-heading\" data-id=\"e492433\" data-element_type=\"widget\" data-e-type=\"widget\" data-widget_type=\"heading.default\">\n\t\t\t\t\t<h2 class=\"elementor-heading-title elementor-size-default\">Trailer sauna and Hot Tub rental in Harju County \u2013 R\u00e4nd Saun<\/h2>\t\t\t\t<\/div>\n\t\t\t\t<div class=\"elementor-element elementor-element-2a5e2f6 elementor-widget elementor-widget-text-editor\" data-id=\"2a5e2f6\" data-element_type=\"widget\" data-e-type=\"widget\" data-widget_type=\"text-editor.default\">\n\t\t\t\t\t\t\t\t\t<p>R\u00e4nd Saun pakub kvaliteetset haagissauna ja k\u00fcmblust\u00fcnni renti Harjumaal.<br \/>Oleme usaldusv\u00e4\u00e4rne saunarendi teenus nii n\u00e4dalavahetuse l\u00f5\u00f5gastuseks<br \/>kui ka \u00fcritustele, s\u00fcnnip\u00e4evadele ja firmapidudele.<\/p><p class=\"translation-block\">We are located in Harju County, Saue parish, Alliku village and serve customers all over Harju County. The trailer sauna can accommodate up to 6 people and the hot tub up to 8 people, offering a pleasant and private sauna experience in the middle of nature.<\/p><p class=\"translation-block\">Trailer sauna and hot tub rental is ideal for both summer and winter. If desired, we will deliver the sauna and hot tub to your chosen location and help with installation and instruction.<\/p><p class=\"translation-block\">If you are looking for a trailer sauna rental or hot tub rental in Harju County, feel free to contact us and book yourself a pleasant sauna experience.<\/p>\t\t\t\t\t\t\t\t<\/div>\n\t\t\t\t\t<\/div>\n\t\t\t\t<\/div>\n\t\t<div class=\"elementor-element elementor-element-0a5515b e-flex e-con-boxed e-con e-parent\" data-id=\"0a5515b\" data-element_type=\"container\" data-e-type=\"container\">\n\t\t\t\t\t<div class=\"e-con-inner\">\n\t\t\t\t<div class=\"elementor-element elementor-element-abc555c elementor-widget elementor-widget-heading\" data-id=\"abc555c\" data-element_type=\"widget\" data-e-type=\"widget\" data-widget_type=\"heading.default\">\n\t\t\t\t\t<h2 class=\"elementor-heading-title elementor-size-default\">\ud83d\udccd We are located in Harju County, Saue municipality \u2013 Alliku village.<\/h2>\t\t\t\t<\/div>\n\t\t\t\t\t<\/div>\n\t\t\t\t<\/div>\n\t\t<div class=\"elementor-element elementor-element-138652f e-flex e-con-boxed e-con e-parent\" data-id=\"138652f\" data-element_type=\"container\" data-e-type=\"container\">\n\t\t\t\t\t<div class=\"e-con-inner\">\n\t\t<div class=\"elementor-element elementor-element-bd966e8 e-con-full e-flex e-con e-child\" data-id=\"bd966e8\" data-element_type=\"container\" data-e-type=\"container\">\n\t\t\t\t<div class=\"elementor-element elementor-element-1171e76 elementor-widget elementor-widget-image\" data-id=\"1171e76\" data-element_type=\"widget\" data-e-type=\"widget\" data-widget_type=\"image.default\">\n\t\t\t\t\t\t\t\t\t\t\t\t\t\t\t<img fetchpriority=\"high\" decoding=\"async\" width=\"683\" height=\"1024\" src=\"https:\/\/randsaun.ee\/wp-content\/uploads\/2026\/02\/ChatGPT-Image-Feb-8-2026-07_22_22-PM-683x1024.png\" class=\"attachment-large size-large wp-image-124\" alt=\"Haagisel Saun j\u00e4rve \u00e4\u00e4res\" srcset=\"https:\/\/randsaun.ee\/wp-content\/uploads\/2026\/02\/ChatGPT-Image-Feb-8-2026-07_22_22-PM-683x1024.png 683w, https:\/\/randsaun.ee\/wp-content\/uploads\/2026\/02\/ChatGPT-Image-Feb-8-2026-07_22_22-PM-200x300.png 200w, https:\/\/randsaun.ee\/wp-content\/uploads\/2026\/02\/ChatGPT-Image-Feb-8-2026-07_22_22-PM-768x1152.png 768w, https:\/\/randsaun.ee\/wp-content\/uploads\/2026\/02\/ChatGPT-Image-Feb-8-2026-07_22_22-PM.png 1024w\" sizes=\"(max-width: 683px) 100vw, 683px\" \/>\t\t\t\t\t\t\t\t\t\t\t\t\t\t\t<\/div>\n\t\t\t\t<\/div>\n\t\t<div class=\"elementor-element elementor-element-f9143e5 e-con-full e-flex e-con e-child\" data-id=\"f9143e5\" data-element_type=\"container\" data-e-type=\"container\">\n\t\t\t\t<div class=\"elementor-element elementor-element-64b6f80 elementor-widget elementor-widget-image\" data-id=\"64b6f80\" data-element_type=\"widget\" data-e-type=\"widget\" data-widget_type=\"image.default\">\n\t\t\t\t\t\t\t\t\t\t\t\t\t\t\t<img decoding=\"async\" width=\"768\" height=\"1024\" src=\"https:\/\/randsaun.ee\/wp-content\/uploads\/2026\/02\/cb691a7a-957f-481d-bf0a-5b8651490019-768x1024.jpg\" class=\"attachment-large size-large wp-image-110\" alt=\"k\u00fcmblus t\u00fcnn harjumaal rent\" srcset=\"https:\/\/randsaun.ee\/wp-content\/uploads\/2026\/02\/cb691a7a-957f-481d-bf0a-5b8651490019-768x1024.jpg 768w, https:\/\/randsaun.ee\/wp-content\/uploads\/2026\/02\/cb691a7a-957f-481d-bf0a-5b8651490019-225x300.jpg 225w, https:\/\/randsaun.ee\/wp-content\/uploads\/2026\/02\/cb691a7a-957f-481d-bf0a-5b8651490019-1152x1536.jpg 1152w, https:\/\/randsaun.ee\/wp-content\/uploads\/2026\/02\/cb691a7a-957f-481d-bf0a-5b8651490019.jpg 1500w\" sizes=\"(max-width: 768px) 100vw, 768px\" \/>\t\t\t\t\t\t\t\t\t\t\t\t\t\t\t<\/div>\n\t\t\t\t<\/div>\n\t\t\t\t\t<\/div>\n\t\t\t\t<\/div>\n\t\t<div class=\"elementor-element elementor-element-b1d7f0e e-con-full e-flex e-con e-parent\" data-id=\"b1d7f0e\" data-element_type=\"container\" data-e-type=\"container\">\n\t\t<div class=\"elementor-element elementor-element-1c75c01 e-con-full e-flex e-con e-child\" data-id=\"1c75c01\" data-element_type=\"container\" data-e-type=\"container\">\n\t\t\t\t<div class=\"elementor-element elementor-element-938a8de elementor-widget elementor-widget-heading\" data-id=\"938a8de\" data-element_type=\"widget\" data-e-type=\"widget\" data-widget_type=\"heading.default\">\n\t\t\t\t\t<h3 class=\"elementor-heading-title elementor-size-default\">Trailer Sauna<\/h3>\t\t\t\t<\/div>\n\t\t\t\t<div class=\"elementor-element elementor-element-e6f41db elementor-widget elementor-widget-text-editor\" data-id=\"e6f41db\" data-element_type=\"widget\" data-e-type=\"widget\" data-widget_type=\"text-editor.default\">\n\t\t\t\t\t\t\t\t\t<ul>\n<li data-start=\"813\" data-end=\"841\">\n<p data-start=\"815\" data-end=\"841\" class=\"translation-block\">Accommodates up to <strong data-start=\"828\" data-end=\"841\">6 people<\/strong><\/p>\n<\/li>\n<li data-start=\"842\" data-end=\"871\">\n<p data-start=\"844\" data-end=\"871\" class=\"translation-block\">Heats up in 30-40 minutes<\/p>\n<\/li>\n<li data-start=\"872\" data-end=\"888\">\n<p data-start=\"874\" data-end=\"888\"><strong data-start=\"874\" data-end=\"888\">Wood Heater<\/strong><\/p>\n<\/li>\n<li data-start=\"889\" data-end=\"927\">\n<p data-start=\"891\" data-end=\"927\"><strong data-start=\"891\" data-end=\"927\">Lights and music ( Bluetooth)<\/strong><\/p>\n<\/li>\n<li data-start=\"928\" data-end=\"964\">\n<p data-start=\"930\" data-end=\"964\" class=\"translation-block\">Front room.<\/p>\n<\/li>\n<li data-start=\"965\" data-end=\"1017\">\n<p data-start=\"967\" data-end=\"1017\" class=\"translation-block\">The stage folds up \u2013 can also be used as a <strong data-start=\"997\" data-end=\"1017\">bed when camping<\/strong><\/p>\n<\/li>\n<\/ul>\t\t\t\t\t\t\t\t<\/div>\n\t\t\t\t<\/div>\n\t\t<div class=\"elementor-element elementor-element-31a4ebf e-con-full e-flex e-con e-child\" data-id=\"31a4ebf\" data-element_type=\"container\" data-e-type=\"container\">\n\t\t\t\t<div class=\"elementor-element elementor-element-77b4825 elementor-widget elementor-widget-heading\" data-id=\"77b4825\" data-element_type=\"widget\" data-e-type=\"widget\" data-widget_type=\"heading.default\">\n\t\t\t\t\t<h3 class=\"elementor-heading-title elementor-size-default\">Trailer HotTube<\/h3>\t\t\t\t<\/div>\n\t\t\t\t<div class=\"elementor-element elementor-element-fdad8dd elementor-widget elementor-widget-text-editor\" data-id=\"fdad8dd\" data-element_type=\"widget\" data-e-type=\"widget\" data-widget_type=\"text-editor.default\">\n\t\t\t\t\t\t\t\t\t<ul>\n<li data-start=\"1036\" data-end=\"1061\">\n<p data-start=\"1038\" data-end=\"1061\" class=\"translation-block\">Fits 4-8 people<\/p>\n<\/li>\n<li data-start=\"1062\" data-end=\"1080\">\n<p data-start=\"1064\" data-end=\"1080\"><strong data-start=\"1064\" data-end=\"1080\">Wood heater<\/strong><\/p>\n<\/li>\n<li data-start=\"1081\" data-end=\"1119\">\n<p data-start=\"1083\" data-end=\"1119\">Sobib kasutamiseks <strong data-start=\"1102\" data-end=\"1119\">aastaringselt<\/strong><\/p>\n<\/li>\n<li data-start=\"1120\" data-end=\"1150\">\n<p data-start=\"1122\" data-end=\"1150\" class=\"translation-block\">Water capacity approx. <strong data-start=\"1134\" data-end=\"1150\">1200 liters<\/strong><\/p>\n<\/li>\n<li data-start=\"1151\" data-end=\"1189\">\n<p data-start=\"1153\" data-end=\"1189\" class=\"translation-block\"><strong data-start=\"1153\" data-end=\"1165\">New cover<\/strong> keeps water warm longer<\/p>\n<\/li>\n<\/ul>\t\t\t\t\t\t\t\t<\/div>\n\t\t\t\t<\/div>\n\t\t\t\t<\/div>\n\t\t<div class=\"elementor-element elementor-element-35f4a795 e-flex e-con-boxed e-con e-parent\" data-id=\"35f4a795\" data-element_type=\"container\" data-e-type=\"container\">\n\t\t\t\t\t<div class=\"e-con-inner\">\n\t\t\t\t<div class=\"elementor-element elementor-element-c051afe elementor-widget elementor-widget-text-editor\" data-id=\"c051afe\" data-element_type=\"widget\" data-e-type=\"widget\" data-widget_type=\"text-editor.default\">\n\t\t\t\t\t\t\t\t\t<p>NB! Haagissaun ja k\u00fcmblust\u00fcnn kuuluvad B-kategooria juhiloa alla.<\/p>\t\t\t\t\t\t\t\t<\/div>\n\t\t\t\t<div class=\"elementor-element elementor-element-02c5e83 elementor-widget elementor-widget-button\" data-id=\"02c5e83\" data-element_type=\"widget\" data-e-type=\"widget\" data-widget_type=\"button.default\">\n\t\t\t\t\t\t\t\t\t\t<a class=\"elementor-button elementor-button-link elementor-size-sm\" href=\"https:\/\/www.facebook.com\/kristen.hapsal\">\n\t\t\t\t\t\t<span class=\"elementor-button-content-wrapper\">\n\t\t\t\t\t\t\t\t\t<span class=\"elementor-button-text\">Broneeri kohe<\/span>\n\t\t\t\t\t<\/span>\n\t\t\t\t\t<\/a>\n\t\t\t\t\t\t\t\t<\/div>\n\t\t\t\t<div class=\"elementor-element elementor-element-ba108ce elementor-widget elementor-widget-text-editor\" data-id=\"ba108ce\" data-element_type=\"widget\" data-e-type=\"widget\" data-widget_type=\"text-editor.default\">\n\t\t\t\t\t\t\t\t\t<p>R\u00e4nd Saun ja k\u00fcmblust\u00fcnn on ideaalne valik nii n\u00e4dalavahetuse<br \/>l\u00f5\u00f5gastuseks kui ka \u00fcritustele looduse keskel.<\/p>\t\t\t\t\t\t\t\t<\/div>\n\t\t\t\t<div class=\"elementor-element elementor-element-9bd0512 elementor-widget elementor-widget-menu-anchor\" data-id=\"9bd0512\" data-element_type=\"widget\" data-e-type=\"widget\" data-widget_type=\"menu-anchor.default\">\n\t\t\t\t\t\t\t<div class=\"elementor-menu-anchor\" id=\"hinnad\"><\/div>\n\t\t\t\t\t\t<\/div>\n\t\t\t\t<div class=\"elementor-element elementor-element-d2a206c elementor-widget elementor-widget-html\" data-id=\"d2a206c\" data-element_type=\"widget\" data-e-type=\"widget\" data-widget_type=\"html.default\">\n\t\t\t\t\t<style>\r\n.rs-section {\r\n  max-width: 900px;\r\n  margin: 0 auto;\r\n  font-family: inherit;\r\n}\r\n.rs-section h2 {\r\n  font-size: 36px;\r\n  margin-bottom: 20px;\r\n}\r\n.rs-section h3 {\r\n  font-size: 26px;\r\n  margin-top: 40px;\r\n}\r\n.rs-table {\r\n  width: 100%;\r\n  border-collapse: collapse;\r\n  margin-top: 10px;\r\n}\r\n.rs-table td {\r\n  padding: 8px 0;\r\n  border-bottom: 1px solid rgba(255,255,255,0.15);\r\n}\r\n.rs-note {\r\n  margin-top: 20px;\r\n  padding: 15px;\r\n  background: #e8f6e8;\r\n  border-left: 5px solid #6bcf6b;\r\n  border-radius: 8px;\r\n  color: #1a1a1a;\r\n}\r\n<\/style>\r\n\r\n<section class=\"rs-section\">\r\n\r\n<h2>Hinnad<\/h2>\r\n\r\n<h3>Haagissauna rendihinnad <\/h3>\r\n<table class=\"rs-table\">\r\n<tr><td>E\u2013N (24 h)<\/td><td>55 \u20ac<\/td><\/tr>\r\n<tr><td>E\u2013N (48 h)<\/td><td>100 \u20ac<\/td><\/tr>\r\n<tr><td>R\u2013P (24 h)<\/td><td>65 \u20ac<\/td><\/tr>\r\n<tr><td>R\u2013P (48 h)<\/td><td>130 \u20ac<\/td><\/tr>\r\n<tr><td>N\u00e4dal<\/td><td>230 \u20ac<\/td><\/tr>\r\n<\/table>\r\n\r\n<div class=\"rs-note\">\r\n<\/div>\r\n\r\n<h3>K\u00fcmblust\u00fcnni rendihinnad <\/h3>\r\n<table class=\"rs-table\">\r\n<tr><td>P\u2013N p\u00e4ev<\/td><td>35 \u20ac<\/td><\/tr>\r\n<tr><td>N\u00e4dalavahetus (24 h)<\/td><td>45 \u20ac<\/td><\/tr>\r\n<tr><td>N\u00e4dal<\/td><td>150 \u20ac<\/td><\/tr>\r\n<\/table>\r\n<\/div>\r\n\r\n<div class=\"rs-note\">\r\n<strong>NB!<\/strong> Haagissaun ja k\u00fcmblust\u00fcnn kuuluvad B-kategooria juhiloa alla.\r\n<\/div>\r\n\r\n<\/section>\t\t\t\t<\/div>\n\t\t\t\t\t<\/div>\n\t\t\t\t<\/div>\n\t\t\t\t<\/div>","protected":false},"excerpt":{"rendered":"<p>Haagissauna ja k\u00fcmblust\u00fcnni rent Harjumaal \u2013 R\u00e4nd Saun R\u00e4nd Saun pakub kvaliteetset haagissauna ja k\u00fcmblust\u00fcnni renti Harjumaal.Oleme usaldusv\u00e4\u00e4rne saunarendi teenus nii n\u00e4dalavahetuse l\u00f5\u00f5gastusekskui ka \u00fcritustele, s\u00fcnnip\u00e4evadele ja firmapidudele. Asume Harjumaal, Saue vallas, Alliku k\u00fclas ning teenindame kliente \u00fclekogu Harjumaa. Haagissaun mahutab kuni 6 inimest ning k\u00fcmblust\u00fcnn kuni8 inimest, pakkudes m\u00f5nusat ja privaatset saunaelamust looduse keskel. [&hellip;]<\/p>\n","protected":false},"author":1,"featured_media":0,"parent":0,"menu_order":0,"comment_status":"closed","ping_status":"closed","template":"no-title","meta":{"om_disable_all_campaigns":false,"_monsterinsights_skip_tracking":false,"_monsterinsights_sitenote_active":false,"_monsterinsights_sitenote_note":"","_monsterinsights_sitenote_category":0,"footnotes":""},"class_list":["post-39","page","type-page","status-publish","hentry"],"aioseo_notices":[],"_links":{"self":[{"href":"https:\/\/randsaun.ee\/en\/wp-json\/wp\/v2\/pages\/39","targetHints":{"allow":["GET"]}}],"collection":[{"href":"https:\/\/randsaun.ee\/en\/wp-json\/wp\/v2\/pages"}],"about":[{"href":"https:\/\/randsaun.ee\/en\/wp-json\/wp\/v2\/types\/page"}],"author":[{"embeddable":true,"href":"https:\/\/randsaun.ee\/en\/wp-json\/wp\/v2\/users\/1"}],"replies":[{"embeddable":true,"href":"https:\/\/randsaun.ee\/en\/wp-json\/wp\/v2\/comments?post=39"}],"version-history":[{"count":5,"href":"https:\/\/randsaun.ee\/en\/wp-json\/wp\/v2\/pages\/39\/revisions"}],"predecessor-version":[{"id":206,"href":"https:\/\/randsaun.ee\/en\/wp-json\/wp\/v2\/pages\/39\/revisions\/206"}],"wp:attachment":[{"href":"https:\/\/randsaun.ee\/en\/wp-json\/wp\/v2\/media?parent=39"}],"curies":[{"name":"wp","href":"https:\/\/api.w.org\/{rel}","templated":true}]}}