{"id":37,"date":"2026-02-07T16:17:59","date_gmt":"2026-02-07T16:17:59","guid":{"rendered":"https:\/\/randsaun.ee\/galerii\/"},"modified":"2026-04-10T16:06:21","modified_gmt":"2026-04-10T16:06:21","slug":"galerii","status":"publish","type":"page","link":"https:\/\/randsaun.ee\/en\/galerii\/","title":{"rendered":"Galerii"},"content":{"rendered":"<div data-elementor-type=\"wp-page\" data-elementor-id=\"37\" class=\"elementor elementor-37\">\n\t\t\t\t<div class=\"elementor-element elementor-element-2b44736 e-flex e-con-boxed e-con e-parent\" data-id=\"2b44736\" data-element_type=\"container\" data-e-type=\"container\">\n\t\t\t\t\t<div class=\"e-con-inner\">\n\t\t\t\t<div class=\"elementor-element elementor-element-5b858d0 elementor-widget elementor-widget-heading\" data-id=\"5b858d0\" data-element_type=\"widget\" data-e-type=\"widget\" data-widget_type=\"heading.default\">\n\t\t\t\t\t<h2 class=\"elementor-heading-title elementor-size-default\">Haagisel Saun<\/h2>\t\t\t\t<\/div>\n\t\t\t\t<div class=\"elementor-element elementor-element-ba38909 elementor-widget elementor-widget-image-gallery\" data-id=\"ba38909\" data-element_type=\"widget\" data-e-type=\"widget\" data-widget_type=\"image-gallery.default\">\n\t\t\t\t\t\t\t<div class=\"elementor-image-gallery\">\n\t\t\t<div id='gallery-1' class='gallery galleryid-37 gallery-columns-3 gallery-size-thumbnail'><figure class='gallery-item'>\n\t\t\t<div class='gallery-icon portrait'>\n\t\t\t\t<a data-elementor-open-lightbox=\"yes\" data-elementor-lightbox-slideshow=\"ba38909\" data-elementor-lightbox-title=\"1\" data-e-action-hash=\"#elementor-action%3Aaction%3Dlightbox%26settings%3DeyJpZCI6NzksInVybCI6Imh0dHBzOlwvXC9yYW5kc2F1bi5lZVwvd3AtY29udGVudFwvdXBsb2Fkc1wvMjAyNlwvMDJcLzEuanBnIiwic2xpZGVzaG93IjoiYmEzODkwOSJ9\" href='https:\/\/randsaun.ee\/wp-content\/uploads\/2026\/02\/1.jpg'><img decoding=\"async\" width=\"150\" height=\"150\" src=\"https:\/\/randsaun.ee\/wp-content\/uploads\/2026\/02\/1-150x150.jpg\" class=\"attachment-thumbnail size-thumbnail\" alt=\"Haagissaun j\u00e4relhaagisel \u2013 haagissauna rent Harjumaal\" aria-describedby=\"gallery-1-79\" \/><\/a>\n\t\t\t<\/div>\n\t\t\t\t<figcaption class='wp-caption-text gallery-caption' id='gallery-1-79'>\n\t\t\t\tmuusika valgustus\n\t\t\t\t<\/figcaption><\/figure><figure class='gallery-item'>\n\t\t\t<div class='gallery-icon portrait'>\n\t\t\t\t<a data-elementor-open-lightbox=\"yes\" data-elementor-lightbox-slideshow=\"ba38909\" data-elementor-lightbox-title=\"2\" data-e-action-hash=\"#elementor-action%3Aaction%3Dlightbox%26settings%3DeyJpZCI6MTEyLCJ1cmwiOiJodHRwczpcL1wvcmFuZHNhdW4uZWVcL3dwLWNvbnRlbnRcL3VwbG9hZHNcLzIwMjZcLzAyXC8yLmpwZyIsInNsaWRlc2hvdyI6ImJhMzg5MDkifQ%3D%3D\" data-elementor-lightbox-description=\"m\u00f5nus puidu l\u00f5hn\" href='https:\/\/randsaun.ee\/wp-content\/uploads\/2026\/02\/2.jpg'><img decoding=\"async\" width=\"150\" height=\"150\" src=\"https:\/\/randsaun.ee\/wp-content\/uploads\/2026\/02\/2-150x150.jpg\" class=\"attachment-thumbnail size-thumbnail\" alt=\"Haagissauna sisemus \u2013 mobiilne saun rent Saue vallas\" aria-describedby=\"gallery-1-112\" \/><\/a>\n\t\t\t<\/div>\n\t\t\t\t<figcaption class='wp-caption-text gallery-caption' id='gallery-1-112'>\n\t\t\t\tEes ruum saunal\n\t\t\t\t<\/figcaption><\/figure><figure class='gallery-item'>\n\t\t\t<div class='gallery-icon portrait'>\n\t\t\t\t<a data-elementor-open-lightbox=\"yes\" data-elementor-lightbox-slideshow=\"ba38909\" data-elementor-lightbox-title=\"3\" data-e-action-hash=\"#elementor-action%3Aaction%3Dlightbox%26settings%3DeyJpZCI6MTEzLCJ1cmwiOiJodHRwczpcL1wvcmFuZHNhdW4uZWVcL3dwLWNvbnRlbnRcL3VwbG9hZHNcLzIwMjZcLzAyXC8zLTIuanBnIiwic2xpZGVzaG93IjoiYmEzODkwOSJ9\" data-elementor-lightbox-description=\"m\u00f5nus puidu l\u00f5hn\" href='https:\/\/randsaun.ee\/wp-content\/uploads\/2026\/02\/3-2.jpg'><img decoding=\"async\" width=\"150\" height=\"150\" src=\"https:\/\/randsaun.ee\/wp-content\/uploads\/2026\/02\/3-2-150x150.jpg\" class=\"attachment-thumbnail size-thumbnail\" alt=\"Haagisel sauna lava ja puukeris \u2013 saunapeo saun\" aria-describedby=\"gallery-1-113\" \/><\/a>\n\t\t\t<\/div>\n\t\t\t\t<figcaption class='wp-caption-text gallery-caption' id='gallery-1-113'>\n\t\t\t\tPuukeris , leil\n\t\t\t\t<\/figcaption><\/figure><figure class='gallery-item'>\n\t\t\t<div class='gallery-icon portrait'>\n\t\t\t\t<a data-elementor-open-lightbox=\"yes\" data-elementor-lightbox-slideshow=\"ba38909\" data-elementor-lightbox-title=\"4\" data-e-action-hash=\"#elementor-action%3Aaction%3Dlightbox%26settings%3DeyJpZCI6MTE0LCJ1cmwiOiJodHRwczpcL1wvcmFuZHNhdW4uZWVcL3dwLWNvbnRlbnRcL3VwbG9hZHNcLzIwMjZcLzAyXC80LmpwZyIsInNsaWRlc2hvdyI6ImJhMzg5MDkifQ%3D%3D\" data-elementor-lightbox-description=\"m\u00f5nus puidu l\u00f5hn\" href='https:\/\/randsaun.ee\/wp-content\/uploads\/2026\/02\/4.jpg'><img loading=\"lazy\" decoding=\"async\" width=\"150\" height=\"150\" src=\"https:\/\/randsaun.ee\/wp-content\/uploads\/2026\/02\/4-150x150.jpg\" class=\"attachment-thumbnail size-thumbnail\" alt=\"saun haagisel lava ja puukeris \u2013 saunapeo saun\" aria-describedby=\"gallery-1-114\" \/><\/a>\n\t\t\t<\/div>\n\t\t\t\t<figcaption class='wp-caption-text gallery-caption' id='gallery-1-114'>\n\t\t\t\tLava k\u00e4ib \u00fclesse , saab kasutada voodina\n\t\t\t\t<\/figcaption><\/figure><figure class='gallery-item'>\n\t\t\t<div class='gallery-icon landscape'>\n\t\t\t\t<a data-elementor-open-lightbox=\"yes\" data-elementor-lightbox-slideshow=\"ba38909\" data-elementor-lightbox-title=\"5\" data-e-action-hash=\"#elementor-action%3Aaction%3Dlightbox%26settings%3DeyJpZCI6MTE1LCJ1cmwiOiJodHRwczpcL1wvcmFuZHNhdW4uZWVcL3dwLWNvbnRlbnRcL3VwbG9hZHNcLzIwMjZcLzAyXC81LmpwZyIsInNsaWRlc2hvdyI6ImJhMzg5MDkifQ%3D%3D\" data-elementor-lightbox-description=\"m\u00f5nus puidu l\u00f5hn\" href='https:\/\/randsaun.ee\/wp-content\/uploads\/2026\/02\/5.jpg'><img loading=\"lazy\" decoding=\"async\" width=\"150\" height=\"150\" src=\"https:\/\/randsaun.ee\/wp-content\/uploads\/2026\/02\/5-150x150.jpg\" class=\"attachment-thumbnail size-thumbnail\" alt=\"Saun haagisel ja K\u00fcmblust\u00fcnn Haagisel\" aria-describedby=\"gallery-1-115\" \/><\/a>\n\t\t\t<\/div>\n\t\t\t\t<figcaption class='wp-caption-text gallery-caption' id='gallery-1-115'>\n\t\t\t\tMugavalt k\u00e4tte saadav.\n\t\t\t\t<\/figcaption><\/figure>\n\t\t<\/div>\n\t\t<\/div>\n\t\t\t\t\t\t<\/div>\n\t\t\t\t\t<\/div>\n\t\t\t\t<\/div>\n\t\t<div class=\"elementor-element elementor-element-55b1763 e-flex e-con-boxed e-con e-parent\" data-id=\"55b1763\" data-element_type=\"container\" data-e-type=\"container\">\n\t\t\t\t\t<div class=\"e-con-inner\">\n\t\t\t\t<div class=\"elementor-element elementor-element-53f1b4c elementor-widget elementor-widget-heading\" data-id=\"53f1b4c\" data-element_type=\"widget\" data-e-type=\"widget\" data-widget_type=\"heading.default\">\n\t\t\t\t\t<h2 class=\"elementor-heading-title elementor-size-default\">Trailer HotTube<\/h2>\t\t\t\t<\/div>\n\t\t\t\t<div class=\"elementor-element elementor-element-f2b15ee elementor-widget elementor-widget-image-gallery\" data-id=\"f2b15ee\" data-element_type=\"widget\" data-e-type=\"widget\" data-widget_type=\"image-gallery.default\">\n\t\t\t\t\t\t\t<div class=\"elementor-image-gallery\">\n\t\t\t<div id='gallery-2' class='gallery galleryid-37 gallery-columns-4 gallery-size-thumbnail'><figure class='gallery-item'>\n\t\t\t<div class='gallery-icon landscape'>\n\t\t\t\t<a data-elementor-open-lightbox=\"yes\" data-elementor-lightbox-slideshow=\"f2b15ee\" data-elementor-lightbox-title=\"mahutab 4-8inimest\" data-e-action-hash=\"#elementor-action%3Aaction%3Dlightbox%26settings%3DeyJpZCI6MTA5LCJ1cmwiOiJodHRwczpcL1wvcmFuZHNhdW4uZWVcL3dwLWNvbnRlbnRcL3VwbG9hZHNcLzIwMjZcLzAyXC84MThhZTNkNS0xNDcxLTQxZjItYTNlYy05ZTllMjhiMWI5M2MuanBnIiwic2xpZGVzaG93IjoiZjJiMTVlZSJ9\" href='https:\/\/randsaun.ee\/wp-content\/uploads\/2026\/02\/818ae3d5-1471-41f2-a3ec-9e9e28b1b93c.jpg'><img loading=\"lazy\" decoding=\"async\" width=\"150\" height=\"150\" src=\"https:\/\/randsaun.ee\/wp-content\/uploads\/2026\/02\/818ae3d5-1471-41f2-a3ec-9e9e28b1b93c-150x150.jpg\" class=\"attachment-thumbnail size-thumbnail\" alt=\"K\u00fcmblust\u00fcnni rent\" aria-describedby=\"gallery-2-109\" \/><\/a>\n\t\t\t<\/div>\n\t\t\t\t<figcaption class='wp-caption-text gallery-caption' id='gallery-2-109'>\n\t\t\t\tHaagissaun\n\t\t\t\t<\/figcaption><\/figure><figure class='gallery-item'>\n\t\t\t<div class='gallery-icon portrait'>\n\t\t\t\t<a data-elementor-open-lightbox=\"yes\" data-elementor-lightbox-slideshow=\"f2b15ee\" data-elementor-lightbox-title=\"0d20535f-47f4-4176-9bdc-da95359274e7\" data-e-action-hash=\"#elementor-action%3Aaction%3Dlightbox%26settings%3DeyJpZCI6MTA3LCJ1cmwiOiJodHRwczpcL1wvcmFuZHNhdW4uZWVcL3dwLWNvbnRlbnRcL3VwbG9hZHNcLzIwMjZcLzAyXC8wZDIwNTM1Zi00N2Y0LTQxNzYtOWJkYy1kYTk1MzU5Mjc0ZTctMi5qcGciLCJzbGlkZXNob3ciOiJmMmIxNWVlIn0%3D\" href='https:\/\/randsaun.ee\/wp-content\/uploads\/2026\/02\/0d20535f-47f4-4176-9bdc-da95359274e7-2.jpg'><img loading=\"lazy\" decoding=\"async\" width=\"150\" height=\"150\" src=\"https:\/\/randsaun.ee\/wp-content\/uploads\/2026\/02\/0d20535f-47f4-4176-9bdc-da95359274e7-2-150x150.jpg\" class=\"attachment-thumbnail size-thumbnail\" alt=\"K\u00fcmblust\u00fcnn harjumaal\" aria-describedby=\"gallery-2-107\" \/><\/a>\n\t\t\t<\/div>\n\t\t\t\t<figcaption class='wp-caption-text gallery-caption' id='gallery-2-107'>\n\t\t\t\tTrailer Sauna\n\t\t\t\t<\/figcaption><\/figure><figure class='gallery-item'>\n\t\t\t<div class='gallery-icon portrait'>\n\t\t\t\t<a data-elementor-open-lightbox=\"yes\" data-elementor-lightbox-slideshow=\"f2b15ee\" data-elementor-lightbox-title=\"saun\" data-e-action-hash=\"#elementor-action%3Aaction%3Dlightbox%26settings%3DeyJpZCI6MTEwLCJ1cmwiOiJodHRwczpcL1wvcmFuZHNhdW4uZWVcL3dwLWNvbnRlbnRcL3VwbG9hZHNcLzIwMjZcLzAyXC9jYjY5MWE3YS05NTdmLTQ4MWQtYmYwYS01Yjg2NTE0OTAwMTkuanBnIiwic2xpZGVzaG93IjoiZjJiMTVlZSJ9\" data-elementor-lightbox-description=\"mahutab 4-8inimest\" href='https:\/\/randsaun.ee\/wp-content\/uploads\/2026\/02\/cb691a7a-957f-481d-bf0a-5b8651490019.jpg'><img loading=\"lazy\" decoding=\"async\" width=\"150\" height=\"150\" src=\"https:\/\/randsaun.ee\/wp-content\/uploads\/2026\/02\/cb691a7a-957f-481d-bf0a-5b8651490019-150x150.jpg\" class=\"attachment-thumbnail size-thumbnail\" alt=\"k\u00fcmblus t\u00fcnn harjumaal rent\" aria-describedby=\"gallery-2-110\" \/><\/a>\n\t\t\t<\/div>\n\t\t\t\t<figcaption class='wp-caption-text gallery-caption' id='gallery-2-110'>\n\t\t\t\tk\u00fcmblust\u00fcnn\n\t\t\t\t<\/figcaption><\/figure><figure class='gallery-item'>\n\t\t\t<div class='gallery-icon landscape'>\n\t\t\t\t<a data-elementor-open-lightbox=\"yes\" data-elementor-lightbox-slideshow=\"f2b15ee\" data-elementor-lightbox-title=\"Soe vann\" data-e-action-hash=\"#elementor-action%3Aaction%3Dlightbox%26settings%3DeyJpZCI6MTA4LCJ1cmwiOiJodHRwczpcL1wvcmFuZHNhdW4uZWVcL3dwLWNvbnRlbnRcL3VwbG9hZHNcLzIwMjZcLzAyXC81NzBhZWFkZS03ODQ4LTQxODItOTRjOS04NjM4NDgxMTY0ZTkuanBnIiwic2xpZGVzaG93IjoiZjJiMTVlZSJ9\" data-elementor-lightbox-description=\"asub allikul\" href='https:\/\/randsaun.ee\/wp-content\/uploads\/2026\/02\/570aeade-7848-4182-94c9-8638481164e9.jpg'><img loading=\"lazy\" decoding=\"async\" width=\"150\" height=\"150\" src=\"https:\/\/randsaun.ee\/wp-content\/uploads\/2026\/02\/570aeade-7848-4182-94c9-8638481164e9-150x150.jpg\" class=\"attachment-thumbnail size-thumbnail\" alt=\"k\u00fcmblus t\u00fcnn rent\" aria-describedby=\"gallery-2-108\" \/><\/a>\n\t\t\t<\/div>\n\t\t\t\t<figcaption class='wp-caption-text gallery-caption' id='gallery-2-108'>\n\t\t\t\tKiiresti soojenev\n\t\t\t\t<\/figcaption><\/figure><figure class='gallery-item'>\n\t\t\t<div class='gallery-icon landscape'>\n\t\t\t\t<a data-elementor-open-lightbox=\"yes\" data-elementor-lightbox-slideshow=\"f2b15ee\" data-elementor-lightbox-title=\"Spa \u00f5htu kodus\" data-e-action-hash=\"#elementor-action%3Aaction%3Dlightbox%26settings%3DeyJpZCI6MTExLCJ1cmwiOiJodHRwczpcL1wvcmFuZHNhdW4uZWVcL3dwLWNvbnRlbnRcL3VwbG9hZHNcLzIwMjZcLzAyXC9kZDE1Yjk3My1kOGIwLTRkMDgtOThkZS1kZDMyMTgyNmQwYzAtMS5qcGciLCJzbGlkZXNob3ciOiJmMmIxNWVlIn0%3D\" data-elementor-lightbox-description=\"S\u00f5prade perega\" href='https:\/\/randsaun.ee\/wp-content\/uploads\/2026\/02\/dd15b973-d8b0-4d08-98de-dd321826d0c0-1.jpg'><img loading=\"lazy\" decoding=\"async\" width=\"150\" height=\"150\" src=\"https:\/\/randsaun.ee\/wp-content\/uploads\/2026\/02\/dd15b973-d8b0-4d08-98de-dd321826d0c0-1-150x150.jpg\" class=\"attachment-thumbnail size-thumbnail\" alt=\"K\u00fcmblust\u00fcnn , m\u00f5nus spa \u00f5htu\" aria-describedby=\"gallery-2-111\" \/><\/a>\n\t\t\t<\/div>\n\t\t\t\t<figcaption class='wp-caption-text gallery-caption' id='gallery-2-111'>\n\t\t\t\tk\u00fcmblus t\u00fcnn\n\t\t\t\t<\/figcaption><\/figure>\n\t\t<\/div>\n\t\t<\/div>\n\t\t\t\t\t\t<\/div>\n\t\t\t\t<div class=\"elementor-element elementor-element-ac16c9a elementor-widget elementor-widget-text-editor\" data-id=\"ac16c9a\" data-element_type=\"widget\" data-e-type=\"widget\" data-widget_type=\"text-editor.default\">\n\t\t\t\t\t\t\t\t\t<p>Asume <strong data-start=\"2743\" data-end=\"2782\">Harjumaal, Saue vallas Alliku k\u00fclas<\/strong>, mis teeb meie haagissauna rendi mugavaks nii Tallinna kui ka kogu Harjumaa klientidele.<\/p>\t\t\t\t\t\t\t\t<\/div>\n\t\t\t\t\t<\/div>\n\t\t\t\t<\/div>\n\t\t<div class=\"elementor-element elementor-element-00c1e5e e-flex e-con-boxed e-con e-parent\" data-id=\"00c1e5e\" data-element_type=\"container\" data-e-type=\"container\">\n\t\t\t\t\t<div class=\"e-con-inner\">\n\t\t\t\t<div class=\"elementor-element elementor-element-df0eb4e elementor-widget elementor-widget-image\" data-id=\"df0eb4e\" data-element_type=\"widget\" data-e-type=\"widget\" data-widget_type=\"image.default\">\n\t\t\t\t\t\t\t\t\t\t\t\t\t\t\t<img decoding=\"async\" src=\"https:\/\/randsaun.ee\/wp-content\/plugins\/elementor\/assets\/images\/placeholder.png\" title=\"\" alt=\"\" loading=\"lazy\" \/>\t\t\t\t\t\t\t\t\t\t\t\t\t\t\t<\/div>\n\t\t\t\t\t<\/div>\n\t\t\t\t<\/div>\n\t\t\t\t<\/div>","protected":false},"excerpt":{"rendered":"<p>Haagisel Saun muusika valgustus Ees ruum saunal Puukeris , leil Lava k\u00e4ib \u00fclesse , saab kasutada voodina Mugavalt k\u00e4tte saadav. Haagisel K\u00fcmblust\u00fcnn Haagissaun Haagisel saun k\u00fcmblust\u00fcnn Kiiresti soojenev k\u00fcmblus t\u00fcnn Asume Harjumaal, Saue vallas Alliku k\u00fclas, mis teeb meie haagissauna rendi mugavaks nii Tallinna kui ka kogu Harjumaa klientidele.<\/p>","protected":false},"author":1,"featured_media":0,"parent":0,"menu_order":0,"comment_status":"closed","ping_status":"closed","template":"page-with-title","meta":{"om_disable_all_campaigns":false,"_monsterinsights_skip_tracking":false,"_monsterinsights_sitenote_active":false,"_monsterinsights_sitenote_note":"","_monsterinsights_sitenote_category":0,"footnotes":""},"class_list":["post-37","page","type-page","status-publish","hentry"],"aioseo_notices":[],"_links":{"self":[{"href":"https:\/\/randsaun.ee\/en\/wp-json\/wp\/v2\/pages\/37","targetHints":{"allow":["GET"]}}],"collection":[{"href":"https:\/\/randsaun.ee\/en\/wp-json\/wp\/v2\/pages"}],"about":[{"href":"https:\/\/randsaun.ee\/en\/wp-json\/wp\/v2\/types\/page"}],"author":[{"embeddable":true,"href":"https:\/\/randsaun.ee\/en\/wp-json\/wp\/v2\/users\/1"}],"replies":[{"embeddable":true,"href":"https:\/\/randsaun.ee\/en\/wp-json\/wp\/v2\/comments?post=37"}],"version-history":[{"count":5,"href":"https:\/\/randsaun.ee\/en\/wp-json\/wp\/v2\/pages\/37\/revisions"}],"predecessor-version":[{"id":212,"href":"https:\/\/randsaun.ee\/en\/wp-json\/wp\/v2\/pages\/37\/revisions\/212"}],"wp:attachment":[{"href":"https:\/\/randsaun.ee\/en\/wp-json\/wp\/v2\/media?parent=37"}],"curies":[{"name":"wp","href":"https:\/\/api.w.org\/{rel}","templated":true}]}}