{"id":35,"date":"2026-02-07T16:17:58","date_gmt":"2026-02-07T16:17:58","guid":{"rendered":"https:\/\/randsaun.ee\/kkk-korduvad-kusimused\/"},"modified":"2026-02-08T18:52:18","modified_gmt":"2026-02-08T18:52:18","slug":"kkk-korduvad-kusimused","status":"publish","type":"page","link":"https:\/\/randsaun.ee\/en\/kkk-korduvad-kusimused\/","title":{"rendered":"KKK (Korduvad k\u00fcsimused)"},"content":{"rendered":"\t\t<div data-elementor-type=\"wp-page\" data-elementor-id=\"35\" class=\"elementor elementor-35\">\n\t\t\t\t<div class=\"elementor-element elementor-element-55da27d4 e-flex e-con-boxed e-con e-parent\" data-id=\"55da27d4\" data-element_type=\"container\" data-e-type=\"container\">\n\t\t\t\t\t<div class=\"e-con-inner\">\n\t\t\t\t<div class=\"elementor-element elementor-element-3acb4ef2 elementor-widget elementor-widget-text-editor\" data-id=\"3acb4ef2\" data-element_type=\"widget\" data-e-type=\"widget\" data-widget_type=\"text-editor.default\">\n\t\t\t\t\t\t\t\t\t<div id=\"kkk\" class=\"wp-block-group alignfull is-style-ext-preset--group--natural-1--section has-background-background-color has-background\" style=\"margin-top: 0; margin-bottom: 0; padding-top: var(--wp--preset--spacing--70); padding-bottom: var(--wp--preset--spacing--70);\">\n<p><\/p>\n<div class=\"wp-block-group alignwide is-vertical is-layout-flex wp-container-core-group-is-layout-c35747d5 wp-block-group-is-layout-flex\">\n<p><\/p>\n<div class=\"wp-block-group has-global-padding is-layout-constrained wp-container-core-group-is-layout-2287c683 wp-block-group-is-layout-constrained\">\n<p><\/p>\n<h2 class=\"wp-block-heading\">Rendime haagissauna ja k\u00fcmblust\u00fcnni Harjumaal<\/h2>\n<p><\/p>\n<p>Korduma kippuvad k\u00fcsimused aitavad teil kiiresti leida vajalikku infot meie haagissauna ja k\u00fcmblust\u00fcnni renditeenuste kohta.<\/p>\n<p><\/p>\n<\/div>\n<p><\/p>\n<\/div>\n<p><\/p>\n<div class=\"wp-block-columns alignwide is-layout-flex wp-container-core-columns-is-layout-08c01c1c wp-block-columns-is-layout-flex\">\n<p><\/p>\n<div class=\"wp-block-column is-layout-flow wp-container-core-column-is-layout-119bc444 wp-block-column-is-layout-flow\">\n<p><\/p>\n<div class=\"wp-block-group is-style-ext-preset--group--natural-1--item-card-1--align-start has-global-padding is-layout-constrained wp-block-group-is-layout-constrained is-style-ext-preset--group--natural-1--item-card-1--align-start--7\">\n<p><\/p>\n<div class=\"wp-block-group is-style-default has-global-padding is-layout-constrained wp-block-group-is-layout-constrained\">\n<p><\/p>\n<h3 class=\"wp-block-heading\">Milliseid sauna ja k\u00fcmblust\u00fcnni renditeenuseid pakute?<\/h3>\n<p><\/p>\n<p>Pakume mugavaid ja l\u00f5\u00f5gastavaid haagissauna ning k\u00fcmblust\u00fcnni rendilahendusi Harjumaal, sobides nii s\u00f5pruskondadele kui pere\u00fcritustele.<\/p>\n<p><\/p>\n<\/div>\n<p><\/p>\n<\/div>\n<p><\/p>\n<\/div>\n<p><\/p>\n<div class=\"wp-block-column is-layout-flow wp-container-core-column-is-layout-119bc444 wp-block-column-is-layout-flow\">\n<p><\/p>\n<div class=\"wp-block-group is-style-ext-preset--group--natural-1--item-card-1--align-start has-global-padding is-layout-constrained wp-block-group-is-layout-constrained is-style-ext-preset--group--natural-1--item-card-1--align-start--8\">\n<p><\/p>\n<div class=\"wp-block-group is-style-default has-global-padding is-layout-constrained wp-block-group-is-layout-constrained\">\n<p><\/p>\n<h3 class=\"wp-block-heading\">Kuidas toimub saunade ja k\u00fcmblust\u00fcnnide transport?<\/h3>\n<p><\/p>\n<p>Enamjaolt ise j\u00e4rele tulemisega, kokkuleppel on ka v\u00f5imalik transport kohapeale ja \u00e4ra vedu.<\/p>\n<p><\/p>\n<\/div>\n<p><\/p>\n<\/div>\n<p><\/p>\n<\/div>\n<p><\/p>\n<\/div>\n<p><\/p>\n<div class=\"wp-block-columns alignwide is-layout-flex wp-container-core-columns-is-layout-967d05ff wp-block-columns-is-layout-flex\" style=\"margin-top: var(--wp--preset--spacing--40);\">\n<p><\/p>\n<div class=\"wp-block-column is-layout-flow wp-container-core-column-is-layout-119bc444 wp-block-column-is-layout-flow\">\n<p><\/p>\n<div class=\"wp-block-group is-style-ext-preset--group--natural-1--item-card-1--align-start has-global-padding is-layout-constrained wp-block-group-is-layout-constrained is-style-ext-preset--group--natural-1--item-card-1--align-start--9\">\n<p><\/p>\n<div class=\"wp-block-group is-style-default has-global-padding is-layout-constrained wp-block-group-is-layout-constrained\">\n<p><\/p>\n<h3 class=\"wp-block-heading\">Kas rendi hinnad sisaldavad k\u00fcttepuid?<\/h3>\n<p><\/p>\n<p>Rendi hinnad ei sisalda k\u00fcttepuid.<\/p>\n<p><\/p>\n<\/div>\n<p><\/p>\n<\/div>\n<p><\/p>\n<\/div>\n<p><\/p>\n<div class=\"wp-block-column is-layout-flow wp-container-core-column-is-layout-119bc444 wp-block-column-is-layout-flow\">\n<p><\/p>\n<div class=\"wp-block-group is-style-ext-preset--group--natural-1--item-card-1--align-start has-global-padding is-layout-constrained wp-block-group-is-layout-constrained is-style-ext-preset--group--natural-1--item-card-1--align-start--10\">\n<p><\/p>\n<div class=\"wp-block-group is-style-default has-global-padding is-layout-constrained wp-block-group-is-layout-constrained\">\n<p><\/p>\n<h3 class=\"wp-block-heading\">Kui kaua saab sauna v\u00f5i k\u00fcmblust\u00fcnni rentida?<\/h3>\n<p><\/p>\n<p>Rendi kestus on tavaliselt alates \u00fchest p\u00e4evast kuni n\u00e4dalani, t\u00e4psemad tingimused lepime kokku vastavalt teie soovile.<\/p>\n<p><\/p>\n<\/div>\n<p><\/p>\n<\/div>\n<p><\/p>\n<\/div>\n<p><\/p>\n<\/div>\n<p><\/p>\n<div class=\"wp-block-columns alignwide is-layout-flex wp-container-core-columns-is-layout-967d05ff wp-block-columns-is-layout-flex\" style=\"margin-top: var(--wp--preset--spacing--40);\">\n<p><\/p>\n<div class=\"wp-block-column is-layout-flow wp-container-core-column-is-layout-119bc444 wp-block-column-is-layout-flow\">\n<p><\/p>\n<div class=\"wp-block-group is-style-ext-preset--group--natural-1--item-card-1--align-start has-global-padding is-layout-constrained wp-block-group-is-layout-constrained is-style-ext-preset--group--natural-1--item-card-1--align-start--11\">\n<p><\/p>\n<div class=\"wp-block-group is-style-default has-global-padding is-layout-constrained wp-block-group-is-layout-constrained\">\n<p><\/p>\n<h3 class=\"wp-block-heading\">Kas saun ja k\u00fcmblust\u00fcnn sobivad kasutamiseks talvel?<\/h3>\n<p><\/p>\n<p>Jah, meie haagissaunad ja k\u00fcmblust\u00fcnnid on sobilikud kasutamiseks aastaringselt, ka k\u00fclmematel kuudel.<\/p>\n<p><\/p>\n<\/div>\n<p><\/p>\n<\/div>\n<p><\/p>\n<\/div>\n<p><\/p>\n<div class=\"wp-block-column is-layout-flow wp-container-core-column-is-layout-119bc444 wp-block-column-is-layout-flow\">\n<p><\/p>\n<div class=\"wp-block-group is-style-ext-preset--group--natural-1--item-card-1--align-start has-global-padding is-layout-constrained wp-block-group-is-layout-constrained is-style-ext-preset--group--natural-1--item-card-1--align-start--12\">\n<p><\/p>\n<div class=\"wp-block-group is-style-default has-global-padding is-layout-constrained wp-block-group-is-layout-constrained\">\n<p><\/p>\n<h3 class=\"wp-block-heading\">Mis on broneerimise tingimused?<\/h3>\n<p><\/p>\n<p>Broneeringu tegemiseks on vaja saata dokumendist pilt.<\/p>\n<p><\/p>\n<\/div>\n<p><\/p>\n<\/div>\n<p><\/p>\n<\/div>\n<p><\/p>\n<\/div>\n<p><\/p>\n<\/div>\n<p><!-- \/wp:group --><!-- wp:group {\"align\":\"full\",\"className\":\"is-style-ext-preset--group--natural-1--section\",\"backgroundColor\":\"tertiary\",\"style\":{\"spacing\":{\"padding\":{\"top\":\"var:preset|spacing|70\",\"bottom\":\"var:preset|spacing|70\"},\"margin\":{\"top\":\"0\",\"bottom\":\"0\"},\"blockGap\":\"var:preset|spacing|55\"}},\"layout\":{\"inherit\":true,\"type\":\"constrained\"},\"metadata\":{\"name\":\"Section\"}} --><\/p>\n<div id=\"teenused\" class=\"wp-block-group alignfull is-style-ext-preset--group--natural-1--section has-tertiary-background-color has-background\" style=\"margin-top: 0; margin-bottom: 0; padding-top: var(--wp--preset--spacing--70); padding-bottom: var(--wp--preset--spacing--70);\">\n<p><!-- wp:group {\"align\":\"wide\",\"style\":{\"spacing\":{\"blockGap\":\"var:preset|spacing|30\"}},\"layout\":{\"type\":\"flex\",\"orientation\":\"vertical\"},\"metadata\":{\"name\":\"Section Header\"}} --><\/p>\n<div class=\"wp-block-group alignwide\">\n<p><!-- wp:group {\"style\":{\"spacing\":{\"blockGap\":\"1.5rem\"}},\"layout\":{\"type\":\"constrained\",\"contentSize\":\"\"},\"metadata\":{\"name\":\"Section Intro\"}} --><\/p>\n<div class=\"wp-block-group\">\n<p><!-- wp:heading --><\/p>\n<h2 class=\"wp-block-heading\">Haagis sauna ja k\u00fcmblust\u00fcnni rent Harjumaal<\/h2>\n<p><!-- \/wp:heading --><!-- wp:paragraph {\"align\":\"left\"} --><\/p>\n<p class=\"has-text-align-left\">Tutvuge meie mitmek\u00fclgsete haagissauna ja t\u00fcnni rentimise v\u00f5imalustega, mis tagavad l\u00f5\u00f5gastava ja kvaliteetse puhkuse.<\/p>\n<p><!-- \/wp:paragraph --><\/p>\n<\/div>\n<p><!-- \/wp:group --><\/p>\n<\/div>\n<p><!-- \/wp:group --><!-- wp:columns {\"align\":\"wide\",\"style\":{\"spacing\":{\"blockGap\":{\"top\":\"var:preset|spacing|40\",\"left\":\"var:preset|spacing|40\"}}}} --><\/p>\n<div class=\"wp-block-columns alignwide\">\n<p><!-- wp:column --><\/p>\n<div class=\"wp-block-column\">\n<p><!-- wp:group {\"className\":\"is-style-ext-preset--group--natural-1--item-card-1--align-start\",\"layout\":{\"type\":\"constrained\"},\"metadata\":{\"name\":\"Card\"}} --><\/p>\n<div class=\"wp-block-group is-style-ext-preset--group--natural-1--item-card-1--align-start\">\n<p><!-- wp:image {\"aspectRatio\":\"4\/3\",\"scale\":\"cover\",\"className\":\"\",\"id\":56} --><\/p>\n<figure class=\"wp-block-image\"><img fetchpriority=\"high\" decoding=\"async\" class=\"alignnone wp-image-83 size-medium\" style=\"aspect-ratio: 4\/3; object-fit: cover;\" src=\"https:\/\/randsaun.ee\/wp-content\/uploads\/2026\/02\/3-1-225x300.jpg\" alt=\"\" width=\"225\" height=\"300\" srcset=\"https:\/\/randsaun.ee\/wp-content\/uploads\/2026\/02\/3-1-225x300.jpg 225w, https:\/\/randsaun.ee\/wp-content\/uploads\/2026\/02\/3-1.jpg 720w\" sizes=\"(max-width: 225px) 100vw, 225px\" \/><\/figure>\n<p><!-- \/wp:image --><!-- wp:group {\"className\":\"is-style-default\",\"layout\":{\"type\":\"constrained\"},\"metadata\":{\"name\":\"Content\"}} --><\/p>\n<div class=\"wp-block-group is-style-default\">\n<p><!-- wp:heading {\"level\":3} --><\/p>\n<h3 class=\"wp-block-heading\">Haagissauna rent<\/h3>\n<p><!-- \/wp:heading --><!-- wp:paragraph --><\/p>\n<p>Pakume mugavat ja kvaliteetset haagissauna, mis sobib ideaalselt teie puhkushetkedeks.<\/p>\n<p><!-- \/wp:paragraph --><\/p>\n<\/div>\n<p><!-- \/wp:group --><\/p>\n<\/div>\n<p><!-- \/wp:group --><\/p>\n<\/div>\n<p><!-- \/wp:column --><!-- wp:column --><\/p>\n<div class=\"wp-block-column\">\n<p><!-- wp:group {\"className\":\"is-style-ext-preset--group--natural-1--item-card-1--align-start\",\"layout\":{\"type\":\"constrained\"},\"metadata\":{\"name\":\"Card\"}} --><\/p>\n<div class=\"wp-block-group is-style-ext-preset--group--natural-1--item-card-1--align-start\">\n<p><!-- wp:image {\"aspectRatio\":\"4\/3\",\"scale\":\"cover\",\"className\":\"\",\"id\":57} --><\/p>\n<figure class=\"wp-block-image\"><img decoding=\"async\" class=\"alignnone wp-image-50 size-medium\" style=\"aspect-ratio: 4\/3; object-fit: cover;\" src=\"https:\/\/randsaun.ee\/wp-content\/uploads\/2026\/02\/aa94134a42d03d7da994efbcfdaac07a9786655a-300x200.jpg\" alt=\"\" width=\"300\" height=\"200\" srcset=\"https:\/\/randsaun.ee\/wp-content\/uploads\/2026\/02\/aa94134a42d03d7da994efbcfdaac07a9786655a-300x200.jpg 300w, https:\/\/randsaun.ee\/wp-content\/uploads\/2026\/02\/aa94134a42d03d7da994efbcfdaac07a9786655a-1024x683.jpg 1024w, https:\/\/randsaun.ee\/wp-content\/uploads\/2026\/02\/aa94134a42d03d7da994efbcfdaac07a9786655a-768x512.jpg 768w, https:\/\/randsaun.ee\/wp-content\/uploads\/2026\/02\/aa94134a42d03d7da994efbcfdaac07a9786655a.jpg 1440w\" sizes=\"(max-width: 300px) 100vw, 300px\" \/><\/figure>\n<p><!-- \/wp:image --><!-- wp:group {\"className\":\"is-style-default\",\"layout\":{\"type\":\"constrained\"},\"metadata\":{\"name\":\"Content\"}} --><\/p>\n<div class=\"wp-block-group is-style-default\">\n<p><!-- wp:heading {\"level\":3} --><\/p>\n<h3 class=\"wp-block-heading\">K\u00fcmblust\u00fcnni rent<\/h3>\n<p><!-- \/wp:heading --><!-- wp:paragraph --><\/p>\n<p>Meie k\u00fcmblust\u00fcnn tagab m\u00f5nusa sooja veeelamuse ja l\u00f5\u00f5gastuse igal aastaajal.<\/p>\n<p><!-- \/wp:paragraph --><\/p>\n<\/div>\n<p><!-- \/wp:group --><\/p>\n<\/div>\n<p><!-- \/wp:group --><\/p>\n<\/div>\n<p><!-- \/wp:column --><!-- wp:column --><\/p>\n<div class=\"wp-block-column\">\n<p><!-- wp:group {\"className\":\"is-style-ext-preset--group--natural-1--item-card-1--align-start\",\"layout\":{\"type\":\"constrained\"},\"metadata\":{\"name\":\"Card\"}} --><\/p>\n<div class=\"wp-block-group is-style-ext-preset--group--natural-1--item-card-1--align-start\">\n<p><!-- wp:image {\"aspectRatio\":\"4\/3\",\"scale\":\"cover\",\"className\":\"\",\"id\":50} --><\/p>\n<figure class=\"wp-block-image\"><img decoding=\"async\" class=\"alignnone wp-image-82 size-medium\" style=\"aspect-ratio: 4\/3; object-fit: cover;\" src=\"https:\/\/randsaun.ee\/wp-content\/uploads\/2026\/02\/dd15b973-d8b0-4d08-98de-dd321826d0c0-300x225.jpg\" alt=\"\" width=\"300\" height=\"225\" srcset=\"https:\/\/randsaun.ee\/wp-content\/uploads\/2026\/02\/dd15b973-d8b0-4d08-98de-dd321826d0c0-300x225.jpg 300w, https:\/\/randsaun.ee\/wp-content\/uploads\/2026\/02\/dd15b973-d8b0-4d08-98de-dd321826d0c0-1024x768.jpg 1024w, https:\/\/randsaun.ee\/wp-content\/uploads\/2026\/02\/dd15b973-d8b0-4d08-98de-dd321826d0c0-768x576.jpg 768w, https:\/\/randsaun.ee\/wp-content\/uploads\/2026\/02\/dd15b973-d8b0-4d08-98de-dd321826d0c0-1536x1152.jpg 1536w, https:\/\/randsaun.ee\/wp-content\/uploads\/2026\/02\/dd15b973-d8b0-4d08-98de-dd321826d0c0.jpg 2000w\" sizes=\"(max-width: 300px) 100vw, 300px\" \/><\/figure>\n<p><!-- \/wp:image --><!-- wp:group {\"className\":\"is-style-default\",\"layout\":{\"type\":\"constrained\"},\"metadata\":{\"name\":\"Content\"}} --><\/p>\n<div class=\"wp-block-group is-style-default\">\n<p><!-- wp:heading {\"level\":3} --><\/p>\n<h3 class=\"wp-block-heading\">Lisateenused<\/h3>\n<p><!-- \/wp:heading --><!-- wp:paragraph --><\/p>\n<p>Pakume transporti ja paigaldust, et muuta teie saunaretsept v\u00f5imalikult mugavaks ja lihtsaks.<\/p>\n<p><!-- \/wp:paragraph --><\/p>\n<\/div>\n<p><!-- \/wp:group --><\/p>\n<\/div>\n<p><!-- \/wp:group --><\/p>\n<\/div>\n<p><!-- \/wp:column --><\/p>\n<\/div>\n<p><!-- \/wp:columns --><\/p>\n<\/div>\n<p><!-- \/wp:group --><!-- wp:group {\"align\":\"full\",\"className\":\"is-style-ext-preset--group--natural-1--section\",\"backgroundColor\":\"background\",\"style\":{\"spacing\":{\"padding\":{\"top\":\"var:preset|spacing|70\",\"bottom\":\"var:preset|spacing|70\"},\"margin\":{\"top\":\"0\",\"bottom\":\"0\"},\"blockGap\":\"var:preset|spacing|55\"}},\"layout\":{\"inherit\":true,\"type\":\"constrained\"},\"metadata\":{\"name\":\"Section\"}} --><\/p>\n<div class=\"wp-block-group alignfull is-style-ext-preset--group--natural-1--section has-background-background-color has-background\" style=\"margin-top: 0; margin-bottom: 0; padding-top: var(--wp--preset--spacing--70); padding-bottom: var(--wp--preset--spacing--70);\">\n<p><!-- wp:media-text {\"align\":\"wide\",\"mediaType\":\"image\",\"imageFill\":true,\"className\":\"is-style-ext-preset--media-text--natural-1--card-1\",\"backgroundColor\":\"tertiary\",\"metadata\":{\"categories\":[\"card\"],\"patternNimi\":\"core\/block\/2506\",\"name\":\"Card Media u0026amp; Text\"},\"id\":54,\"mediaId\":54,\"mediaLink\":\"https:\/\/randsaun.ee\/wp-content\/uploads\/2026\/02\/b71e1d771a8e9fdff1f7057c155050da5d52d582.jpg\"} --><\/p>\n<div class=\"wp-block-media-text alignwide is-stacked-on-mobile is-image-fill-element is-style-ext-preset--media-text--natural-1--card-1 has-tertiary-background-color has-background\">\n<figure class=\"wp-block-media-text__media\"><img loading=\"lazy\" decoding=\"async\" class=\"alignnone wp-image-115 size-medium\" style=\"object-position: 50% 50%;\" src=\"https:\/\/randsaun.ee\/wp-content\/uploads\/2026\/02\/5-300x225.jpg\" alt=\"\" width=\"300\" height=\"225\" srcset=\"https:\/\/randsaun.ee\/wp-content\/uploads\/2026\/02\/5-300x225.jpg 300w, https:\/\/randsaun.ee\/wp-content\/uploads\/2026\/02\/5-768x576.jpg 768w, https:\/\/randsaun.ee\/wp-content\/uploads\/2026\/02\/5.jpg 960w\" sizes=\"(max-width: 300px) 100vw, 300px\" \/><\/figure>\n<div class=\"wp-block-media-text__content\">\n<p><!-- wp:group {\"align\":\"wide\",\"style\":{\"spacing\":{\"blockGap\":\"var:preset|spacing|30\",\"padding\":{\"top\":\"var:preset|spacing|60\",\"bottom\":\"var:preset|spacing|60\"}}},\"layout\":{\"type\":\"flex\",\"orientation\":\"vertical\"},\"metadata\":{\"name\":\"Section Header\",\"categories\":[\"section\"],\"patternNimi\":\"core\/block\/2330\"}} --><\/p>\n<div class=\"wp-block-group alignwide\" style=\"padding-top: var(--wp--preset--spacing--60); padding-bottom: var(--wp--preset--spacing--60);\">\n<p><!-- wp:group {\"style\":{\"spacing\":{\"blockGap\":\"1.5rem\",\"padding\":{\"top\":\"0\",\"bottom\":\"0\",\"left\":\"0\",\"right\":\"0\"}}},\"layout\":{\"type\":\"constrained\"},\"metadata\":{\"name\":\"Section Intro\"}} --><\/p>\n<div class=\"wp-block-group\" style=\"padding: 0;\">\n<p><!-- wp:heading --><\/p>\n<h2 class=\"wp-block-heading\">L\u00f5\u00f5gastavad haagissauna ja k\u00fcmblust\u00fcnni rent Harjumaal<\/h2>\n<p><!-- \/wp:heading --><!-- wp:paragraph --><\/p>\n<p>Siin saad broneerida haagissauna v\u00f5i k\u00fcmblust\u00fcnni ning kogeda t\u00f5elist puhkusemeeleolu Harjumaal. \u00c4ra maga v\u00f5imalust maha \u2013 broneeri juba t\u00e4na ja naudi unustamatut l\u00f5\u00f5gastust!<\/p>\n<p><!-- \/wp:paragraph --><\/p>\n<\/div>\n<p><!-- \/wp:group --><!-- wp:buttons --><\/p>\n<div class=\"wp-block-buttons\">\n<p><!-- wp:button {\"className\":\"is-style-ext-preset--button--natural-1--button-1\"} --><\/p>\n<div class=\"wp-block-button is-style-ext-preset--button--natural-1--button-1\"><a class=\"wp-block-button__link wp-element-button\" href=\"http:\/\/www.facebook.com\/kristen.hapsal\">V\u00f5ta \u00fchendust<\/a><\/div>\n<p><!-- \/wp:button --><\/p>\n<\/div>\n<p><!-- \/wp:buttons --><\/p>\n<\/div>\n<p><!-- \/wp:group --><\/p>\n<\/div>\n<\/div>\n<p><!-- \/wp:media-text --><\/p>\n<\/div>\n<p><!-- \/wp:group --><\/p>\t\t\t\t\t\t\t\t<\/div>\n\t\t\t\t\t<\/div>\n\t\t\t\t<\/div>\n\t\t\t\t<\/div>\n\t\t","protected":false},"excerpt":{"rendered":"<p>Rendime haagissauna ja k\u00fcmblust\u00fcnni Harjumaal Korduma kippuvad k\u00fcsimused aitavad teil kiiresti leida vajalikku infot meie haagissauna ja k\u00fcmblust\u00fcnni renditeenuste kohta. Milliseid sauna ja k\u00fcmblust\u00fcnni renditeenuseid pakute? Pakume mugavaid ja l\u00f5\u00f5gastavaid haagissauna ning k\u00fcmblust\u00fcnni rendilahendusi Harjumaal, sobides nii s\u00f5pruskondadele kui pere\u00fcritustele. Kuidas toimub saunade ja k\u00fcmblust\u00fcnnide transport? Enamjaolt ise j\u00e4rele tulemisega, kokkuleppel on ka v\u00f5imalik transport [&hellip;]<\/p>\n","protected":false},"author":1,"featured_media":0,"parent":0,"menu_order":0,"comment_status":"closed","ping_status":"closed","template":"page-with-title","meta":{"om_disable_all_campaigns":false,"_monsterinsights_skip_tracking":false,"_monsterinsights_sitenote_active":false,"_monsterinsights_sitenote_note":"","_monsterinsights_sitenote_category":0,"footnotes":""},"class_list":["post-35","page","type-page","status-publish","hentry"],"aioseo_notices":[],"_links":{"self":[{"href":"https:\/\/randsaun.ee\/en\/wp-json\/wp\/v2\/pages\/35","targetHints":{"allow":["GET"]}}],"collection":[{"href":"https:\/\/randsaun.ee\/en\/wp-json\/wp\/v2\/pages"}],"about":[{"href":"https:\/\/randsaun.ee\/en\/wp-json\/wp\/v2\/types\/page"}],"author":[{"embeddable":true,"href":"https:\/\/randsaun.ee\/en\/wp-json\/wp\/v2\/users\/1"}],"replies":[{"embeddable":true,"href":"https:\/\/randsaun.ee\/en\/wp-json\/wp\/v2\/comments?post=35"}],"version-history":[{"count":5,"href":"https:\/\/randsaun.ee\/en\/wp-json\/wp\/v2\/pages\/35\/revisions"}],"predecessor-version":[{"id":153,"href":"https:\/\/randsaun.ee\/en\/wp-json\/wp\/v2\/pages\/35\/revisions\/153"}],"wp:attachment":[{"href":"https:\/\/randsaun.ee\/en\/wp-json\/wp\/v2\/media?parent=35"}],"curies":[{"name":"wp","href":"https:\/\/api.w.org\/{rel}","templated":true}]}}