{"id":34,"date":"2026-02-07T16:17:58","date_gmt":"2026-02-07T16:17:58","guid":{"rendered":"https:\/\/randsaun.ee\/kontakt\/"},"modified":"2026-02-09T09:33:32","modified_gmt":"2026-02-09T09:33:32","slug":"kontakt","status":"publish","type":"page","link":"https:\/\/randsaun.ee\/en\/kontakt\/","title":{"rendered":"Kontakt"},"content":{"rendered":"<div data-elementor-type=\"wp-page\" data-elementor-id=\"34\" class=\"elementor elementor-34\">\n\t\t\t\t<div class=\"elementor-element elementor-element-7b7d509e e-flex e-con-boxed e-con e-parent\" data-id=\"7b7d509e\" data-element_type=\"container\" data-e-type=\"container\">\n\t\t\t\t\t<div class=\"e-con-inner\">\n\t\t\t\t<div class=\"elementor-element elementor-element-ec0202a elementor-widget elementor-widget-text-editor\" data-id=\"ec0202a\" data-element_type=\"widget\" data-e-type=\"widget\" data-widget_type=\"text-editor.default\">\n\t\t\t\t\t\t\t\t\t<p>Kui sul on k\u00fcsimusi haagissauna v\u00f5i k\u00fcmblust\u00fcnni rendi kohta, soovid teha broneeringut v\u00f5i arutada erisoove, v\u00f5ta meiega julgelt \u00fchendust. Vastame esimesel v\u00f5imalusel ja aitame leida just sulle sobiva lahenduse.<\/p>\n<p>\u00a0<\/p>\n<p>1.K\u00f5ige lihtsam on otse l\u00e4bi messengeri. Vajutades all Broneeri kohe.<\/p>\n<p>2.Saates Email Kristenhapsal@hotmail.com<\/p>\n<p>3.Helistades +372 56 99 5212<\/p>\t\t\t\t\t\t\t\t<\/div>\n\t\t\t\t<div class=\"elementor-element elementor-element-843c741 elementor-widget elementor-widget-button\" data-id=\"843c741\" data-element_type=\"widget\" data-e-type=\"widget\" data-widget_type=\"button.default\">\n\t\t\t\t\t\t\t\t\t\t<a class=\"elementor-button elementor-button-link elementor-size-sm\" href=\"http:\/\/www.facebook.com\/kristen.hapsal\">\n\t\t\t\t\t\t<span class=\"elementor-button-content-wrapper\">\n\t\t\t\t\t\t\t\t\t<span class=\"elementor-button-text\">Broneeri kohe<\/span>\n\t\t\t\t\t<\/span>\n\t\t\t\t\t<\/a>\n\t\t\t\t\t\t\t\t<\/div>\n\t\t\t\t<div class=\"elementor-element elementor-element-9dce5a3 elementor-widget elementor-widget-text-editor\" data-id=\"9dce5a3\" data-element_type=\"widget\" data-e-type=\"widget\" data-widget_type=\"text-editor.default\">\n\t\t\t\t\t\t\t\t\t<p data-start=\"610\" data-end=\"623\"><strong data-start=\"610\" data-end=\"623\">R\u00e4nd Saun<\/strong><\/p>\n<p data-start=\"625\" data-end=\"659\">\ud83d\udcde <strong data-start=\"628\" data-end=\"640\">Telefon:<\/strong><br data-start=\"640\" data-end=\"643\" \/>+372 5699 5212<\/p>\n<p data-start=\"661\" data-end=\"696\">\u2709\ufe0f <strong data-start=\"664\" data-end=\"675\">E-post:<\/strong><br data-start=\"675\" data-end=\"678\" \/><a class=\"decorated-link cursor-pointer\" rel=\"noopener\" data-start=\"678\" data-end=\"694\">kristenhapsal@hotmail.com<\/a><\/p>\n<p data-start=\"698\" data-end=\"774\">\ud83d\udccd <b>Asume: Saue vald , Alliku k\u00fcla , Katre tee<\/b><\/p>\n<p data-start=\"776\" data-end=\"825\">\ud83d\udd52 <strong data-start=\"779\" data-end=\"803\">Oleme k\u00e4ttesaadavad:<\/strong><br data-start=\"803\" data-end=\"806\" \/>iga p\u00e4ev 9:00\u201320:00<\/p>\t\t\t\t\t\t\t\t<\/div>\n\t\t\t\t<div class=\"elementor-element elementor-element-864712f elementor-widget elementor-widget-text-editor\" data-id=\"864712f\" data-element_type=\"widget\" data-e-type=\"widget\" data-widget_type=\"text-editor.default\">\n\t\t\t\t\t\t\t\t\t<h3 data-start=\"634\" data-end=\"654\">\ud83d\udd25 haagissauna rent<\/h3><ul data-start=\"655\" data-end=\"775\"><li data-start=\"676\" data-end=\"699\"><p data-start=\"678\" data-end=\"699\">haagisel sauna rent<\/p><\/li><li data-start=\"700\" data-end=\"721\"><p data-start=\"702\" data-end=\"721\">k\u00fcmblust\u00fcnni rent<\/p><\/li><li data-start=\"722\" data-end=\"746\"><p data-start=\"724\" data-end=\"746\">k\u00fcmblust\u00fcnn haagisel<\/p><\/li><li data-start=\"747\" data-end=\"775\"><p data-start=\"749\" data-end=\"775\">saun ja k\u00fcmblust\u00fcnn rent<\/p><\/li><\/ul><h3 data-start=\"777\" data-end=\"809\">\ud83d\udccd\u00a0haagissauna rent Harjumaal<\/h3><ul data-start=\"810\" data-end=\"957\"><li data-start=\"841\" data-end=\"872\"><p data-start=\"843\" data-end=\"872\">k\u00fcmblust\u00fcnni rent Saue vald<\/p><\/li><li data-start=\"873\" data-end=\"905\"><p data-start=\"875\" data-end=\"905\">saun ja k\u00fcmblust\u00fcnn Harjumaa<\/p><\/li><li data-start=\"906\" data-end=\"933\"><p data-start=\"908\" data-end=\"933\">k\u00fcmblust\u00fcnn Alliku k\u00fcla<\/p><\/li><\/ul>\t\t\t\t\t\t\t\t<\/div>\n\t\t\t\t\t<\/div>\n\t\t\t\t<\/div>\n\t\t\t\t<\/div>","protected":false},"excerpt":{"rendered":"<p>Kui sul on k\u00fcsimusi haagissauna v\u00f5i k\u00fcmblust\u00fcnni rendi kohta, soovid teha broneeringut v\u00f5i arutada erisoove, v\u00f5ta meiega julgelt \u00fchendust. Vastame esimesel v\u00f5imalusel ja aitame leida just sulle sobiva lahenduse. \u00a0 1.K\u00f5ige lihtsam on otse l\u00e4bi messengeri. Vajutades all Broneeri kohe. 2.Saates Email Kristenhapsal@hotmail.com 3.Helistades +372 56 99 5212 Broneeri kohe R\u00e4nd Saun \ud83d\udcde Telefon:+372 5699 [&hellip;]<\/p>\n","protected":false},"author":1,"featured_media":0,"parent":0,"menu_order":0,"comment_status":"closed","ping_status":"closed","template":"page-with-title","meta":{"om_disable_all_campaigns":false,"_monsterinsights_skip_tracking":false,"_monsterinsights_sitenote_active":false,"_monsterinsights_sitenote_note":"","_monsterinsights_sitenote_category":0,"footnotes":""},"class_list":["post-34","page","type-page","status-publish","hentry"],"aioseo_notices":[],"_links":{"self":[{"href":"https:\/\/randsaun.ee\/en\/wp-json\/wp\/v2\/pages\/34","targetHints":{"allow":["GET"]}}],"collection":[{"href":"https:\/\/randsaun.ee\/en\/wp-json\/wp\/v2\/pages"}],"about":[{"href":"https:\/\/randsaun.ee\/en\/wp-json\/wp\/v2\/types\/page"}],"author":[{"embeddable":true,"href":"https:\/\/randsaun.ee\/en\/wp-json\/wp\/v2\/users\/1"}],"replies":[{"embeddable":true,"href":"https:\/\/randsaun.ee\/en\/wp-json\/wp\/v2\/comments?post=34"}],"version-history":[{"count":5,"href":"https:\/\/randsaun.ee\/en\/wp-json\/wp\/v2\/pages\/34\/revisions"}],"predecessor-version":[{"id":183,"href":"https:\/\/randsaun.ee\/en\/wp-json\/wp\/v2\/pages\/34\/revisions\/183"}],"wp:attachment":[{"href":"https:\/\/randsaun.ee\/en\/wp-json\/wp\/v2\/media?parent=34"}],"curies":[{"name":"wp","href":"https:\/\/api.w.org\/{rel}","templated":true}]}}